{"id":1086,"date":"2017-11-07T06:21:08","date_gmt":"2017-11-07T11:21:08","guid":{"rendered":"https:\/\/cfbdg.com\/?page_id=1086"},"modified":"2021-02-12T09:00:29","modified_gmt":"2021-02-12T14:00:29","slug":"jean-lou-paquet","status":"publish","type":"page","link":"https:\/\/cfbdg.com\/en\/team-2\/jean-lou-paquet\/","title":{"rendered":"Jean-Lou Paquet"},"content":{"rendered":"<p>[et_pb_section bb_built=&#8221;1&#8243; inner_width=&#8221;auto&#8221; inner_max_width=&#8221;1080px&#8221;][et_pb_row][et_pb_column type=&#8221;4_4&#8243; custom_padding__hover=&#8221;|||&#8221; custom_padding=&#8221;|||&#8221;][et_pb_divider _builder_version=&#8221;3.0.82&#8243; divider_style=&#8221;solid&#8221; divider_position=&#8221;top&#8221; height=&#8221;30px&#8221; box_shadow_position=&#8221;outer&#8221; color=&#8221;#ffffff&#8221; show_divider=&#8221;off&#8221; \/][et_pb_text admin_label=&#8221;Jean-Lou Paquet&#8221; _builder_version=&#8221;4.7.7&#8243; background_layout=&#8221;light&#8221; text_orientation=&#8221;left&#8221;]<\/p>\n<h2><a href=\"https:\/\/cfbdg.com\/wp-content\/uploads\/2017\/10\/equipe-03.png\"><img loading=\"lazy\" decoding=\"async\" class=\"alignright wp-image-673 size-full\" src=\"https:\/\/cfbdg.com\/wp-content\/uploads\/2017\/10\/equipe-03.png\" alt=\"\" width=\"480\" height=\"411\" srcset=\"https:\/\/cfbdg.com\/wp-content\/uploads\/2017\/10\/equipe-03.png 480w, https:\/\/cfbdg.com\/wp-content\/uploads\/2017\/10\/equipe-03-300x257.png 300w\" sizes=\"(max-width: 480px) 100vw, 480px\" \/><\/a>Jean-Lou Paquet<\/h2>\n<h3>Partner<\/h3>\n<p>Prior to joining BDG, Jean-Lou held various executive positions in M&amp;A, finances, sales, human resources and legal disciplines, within multinationals, investment funds, SMEs and as the founder of his own start-up. Jean-Lou holds an M.Sc. in Commerce and a BAA in Business Administration. He founded KidsPlay Mission, a non-profit program that provides free access to team sports for underprivileged kids part of Welcome Hall Mission.<\/p>\n<p>[\/et_pb_text][et_pb_divider _builder_version=&#8221;3.0.82&#8243; divider_style=&#8221;solid&#8221; divider_position=&#8221;top&#8221; height=&#8221;30px&#8221; box_shadow_position=&#8221;outer&#8221; disabled_on=&#8221;on|on|&#8221; disabled=&#8221;off&#8221; color=&#8221;#ffffff&#8221; show_divider=&#8221;off&#8221; \/][et_pb_divider _builder_version=&#8221;3.0.92&#8243; divider_style=&#8221;solid&#8221; divider_position=&#8221;top&#8221; height=&#8221;30px&#8221; box_shadow_position=&#8221;outer&#8221; disabled_on=&#8221;on|on|&#8221; disabled=&#8221;off&#8221; color=&#8221;#ffffff&#8221; show_divider=&#8221;off&#8221; \/][et_pb_divider _builder_version=&#8221;3.0.92&#8243; divider_style=&#8221;solid&#8221; divider_position=&#8221;top&#8221; height=&#8221;30px&#8221; box_shadow_position=&#8221;outer&#8221; disabled_on=&#8221;on|on|&#8221; disabled=&#8221;off&#8221; color=&#8221;#ffffff&#8221; show_divider=&#8221;off&#8221; \/][et_pb_toggle admin_label=&#8221;Toggle &#8211; MORE&#8221; _builder_version=&#8221;4.7.7&#8243; title=&#8221;MORE&#8221; open_toggle_text_color=&#8221;#1c4075&#8243; closed_toggle_text_color=&#8221;#1c4075&#8243; icon_color=&#8221;#1c4075&#8243; text_shadow_horizontal_length=&#8221;text_shadow_style,%91object Object%93&#8243; text_shadow_horizontal_length_tablet=&#8221;0px&#8221; text_shadow_vertical_length=&#8221;text_shadow_style,%91object Object%93&#8243; text_shadow_vertical_length_tablet=&#8221;0px&#8221; text_shadow_blur_strength=&#8221;text_shadow_style,%91object Object%93&#8243; text_shadow_blur_strength_tablet=&#8221;1px&#8221; title_text_shadow_horizontal_length=&#8221;title_text_shadow_style,%91object Object%93&#8243; title_text_shadow_horizontal_length_tablet=&#8221;0px&#8221; title_text_shadow_vertical_length=&#8221;title_text_shadow_style,%91object Object%93&#8243; title_text_shadow_vertical_length_tablet=&#8221;0px&#8221; title_text_shadow_blur_strength=&#8221;title_text_shadow_style,%91object Object%93&#8243; title_text_shadow_blur_strength_tablet=&#8221;1px&#8221; closed_title_text_shadow_horizontal_length=&#8221;closed_title_text_shadow_style,%91object Object%93&#8243; closed_title_text_shadow_horizontal_length_tablet=&#8221;0px&#8221; closed_title_text_shadow_vertical_length=&#8221;closed_title_text_shadow_style,%91object Object%93&#8243; closed_title_text_shadow_vertical_length_tablet=&#8221;0px&#8221; closed_title_text_shadow_blur_strength=&#8221;closed_title_text_shadow_style,%91object Object%93&#8243; closed_title_text_shadow_blur_strength_tablet=&#8221;1px&#8221; body_text_shadow_horizontal_length=&#8221;body_text_shadow_style,%91object Object%93&#8243; body_text_shadow_horizontal_length_tablet=&#8221;0px&#8221; body_text_shadow_vertical_length=&#8221;body_text_shadow_style,%91object Object%93&#8243; body_text_shadow_vertical_length_tablet=&#8221;0px&#8221; body_text_shadow_blur_strength=&#8221;body_text_shadow_style,%91object Object%93&#8243; body_text_shadow_blur_strength_tablet=&#8221;1px&#8221; body_link_text_shadow_horizontal_length=&#8221;body_link_text_shadow_style,%91object Object%93&#8243; body_link_text_shadow_horizontal_length_tablet=&#8221;0px&#8221; body_link_text_shadow_vertical_length=&#8221;body_link_text_shadow_style,%91object Object%93&#8243; body_link_text_shadow_vertical_length_tablet=&#8221;0px&#8221; body_link_text_shadow_blur_strength=&#8221;body_link_text_shadow_style,%91object Object%93&#8243; body_link_text_shadow_blur_strength_tablet=&#8221;1px&#8221; body_ul_text_shadow_horizontal_length=&#8221;body_ul_text_shadow_style,%91object Object%93&#8243; body_ul_text_shadow_horizontal_length_tablet=&#8221;0px&#8221; body_ul_text_shadow_vertical_length=&#8221;body_ul_text_shadow_style,%91object Object%93&#8243; body_ul_text_shadow_vertical_length_tablet=&#8221;0px&#8221; body_ul_text_shadow_blur_strength=&#8221;body_ul_text_shadow_style,%91object Object%93&#8243; body_ul_text_shadow_blur_strength_tablet=&#8221;1px&#8221; body_ol_text_shadow_horizontal_length=&#8221;body_ol_text_shadow_style,%91object Object%93&#8243; body_ol_text_shadow_horizontal_length_tablet=&#8221;0px&#8221; body_ol_text_shadow_vertical_length=&#8221;body_ol_text_shadow_style,%91object Object%93&#8243; body_ol_text_shadow_vertical_length_tablet=&#8221;0px&#8221; body_ol_text_shadow_blur_strength=&#8221;body_ol_text_shadow_style,%91object Object%93&#8243; body_ol_text_shadow_blur_strength_tablet=&#8221;1px&#8221; body_quote_text_shadow_horizontal_length=&#8221;body_quote_text_shadow_style,%91object Object%93&#8243; body_quote_text_shadow_horizontal_length_tablet=&#8221;0px&#8221; body_quote_text_shadow_vertical_length=&#8221;body_quote_text_shadow_style,%91object Object%93&#8243; body_quote_text_shadow_vertical_length_tablet=&#8221;0px&#8221; body_quote_text_shadow_blur_strength=&#8221;body_quote_text_shadow_style,%91object Object%93&#8243; body_quote_text_shadow_blur_strength_tablet=&#8221;1px&#8221; box_shadow_horizontal_tablet=&#8221;0px&#8221; box_shadow_vertical_tablet=&#8221;0px&#8221; box_shadow_blur_tablet=&#8221;40px&#8221; box_shadow_spread_tablet=&#8221;0px&#8221; vertical_offset_tablet=&#8221;0&#8243; horizontal_offset_tablet=&#8221;0&#8243;]<\/p>\n<p>&#8211; Sc. in Commerce (ESSCA, School of Business Management) and BAA in Finance (Universit\u00e9 de Sherbrooke).<\/p>\n<p>&#8211; Versatile businessman, having successfully held Finance, M&amp;A, Sales, HR and Legal positions within companies who specialize in Manufacturing, Services and Investments, with size ranging from SMEs, to multinationals and start-ups.<\/p>\n<p>&#8211; Former CFO of Distech Controls, a global leader in building management technologies.<\/p>\n<p>&#8211; Held various management positions within Siemens AG.<\/p>\n<p>&#8211; Founder &amp; former CEO of Nuaxess inc., a company providing products and financing solutions to real estate developers globally.<\/p>\n<p>&#8211; Began his career within a subsidiary of Caisse de d\u00e9p\u00f4t et placement du Qu\u00e9bec, one of Canada\u2019s leading institutional investors.<\/p>\n<p>&#8211; Extensive volunteering work currently and over the last 15 years with Big Brothers and Big Sisters, Welcome Hall Mission and Leave Out Violence.<\/p>\n<p>[\/et_pb_toggle][et_pb_divider _builder_version=&#8221;3.0.82&#8243; divider_style=&#8221;solid&#8221; divider_position=&#8221;top&#8221; height=&#8221;30px&#8221; box_shadow_position=&#8221;outer&#8221; color=&#8221;#ffffff&#8221; show_divider=&#8221;off&#8221; \/][\/et_pb_column][\/et_pb_row][\/et_pb_section]<\/p>\n","protected":false},"excerpt":{"rendered":"<p><div class=\"et_pb_row et_pb_row_0 et_pb_row_empty\">\n\t\t\t\t\n\t\t\t\t\n\t\t\t\t\n\t\t\t\t\n\t\t\t\t\n\t\t\t<\/div> Jean-Lou Paquet Partner Prior to joining BDG, Jean-Lou held various executive positions in M&amp;A, finances, sales, human resources and legal disciplines, within multinationals, investment funds, SMEs and as the founder of his own start-up. Jean-Lou holds an M.Sc. in Commerce and a BAA in Business Administration. He founded KidsPlay Mission, a non-profit program that [&hellip;]<\/p>\n","protected":false},"author":12,"featured_media":0,"parent":756,"menu_order":0,"comment_status":"closed","ping_status":"closed","template":"page-teammember.php","meta":{"_acf_changed":false,"_et_pb_use_builder":"on","_et_pb_old_content":"","_et_gb_content_width":"","_monsterinsights_skip_tracking":false,"_monsterinsights_sitenote_active":false,"_monsterinsights_sitenote_note":"","_monsterinsights_sitenote_category":0,"footnotes":""},"class_list":["post-1086","page","type-page","status-publish","hentry"],"acf":[],"yoast_head":"<!-- This site is optimized with the Yoast SEO plugin v27.2 - https:\/\/yoast.com\/product\/yoast-seo-wordpress\/ -->\n<title>Jean-Lou Paquet - BDG &amp; Partners Financial Corporation<\/title>\n<meta name=\"robots\" content=\"index, follow, max-snippet:-1, max-image-preview:large, max-video-preview:-1\" \/>\n<link rel=\"canonical\" href=\"https:\/\/cfbdg.com\/en\/team-2\/jean-lou-paquet\/\" \/>\n<meta property=\"og:locale\" content=\"en_US\" \/>\n<meta property=\"og:type\" content=\"article\" \/>\n<meta property=\"og:title\" content=\"Jean-Lou Paquet - BDG &amp; Partners Financial Corporation\" \/>\n<meta property=\"og:description\" content=\"Jean-Lou Paquet Partner Prior to joining BDG, Jean-Lou held various executive positions in M&amp;A, finances, sales, human resources and legal disciplines, within multinationals, investment funds, SMEs and as the founder of his own start-up. Jean-Lou holds an M.Sc. in Commerce and a BAA in Business Administration. He founded KidsPlay Mission, a non-profit program that [&hellip;]\" \/>\n<meta property=\"og:url\" content=\"https:\/\/cfbdg.com\/en\/team-2\/jean-lou-paquet\/\" \/>\n<meta property=\"og:site_name\" content=\"BDG &amp; Partners Financial Corporation\" \/>\n<meta property=\"article:modified_time\" content=\"2021-02-12T14:00:29+00:00\" \/>\n<meta property=\"og:image\" content=\"https:\/\/cfbdg.com\/wp-content\/uploads\/2017\/10\/equipe-03.png\" \/>\n<meta name=\"twitter:card\" content=\"summary_large_image\" \/>\n<meta name=\"twitter:label1\" content=\"Est. reading time\" \/>\n\t<meta name=\"twitter:data1\" content=\"5 minutes\" \/>\n<script type=\"application\/ld+json\" class=\"yoast-schema-graph\">{\"@context\":\"https:\/\/schema.org\",\"@graph\":[{\"@type\":\"WebPage\",\"@id\":\"https:\/\/cfbdg.com\/en\/team-2\/jean-lou-paquet\/\",\"url\":\"https:\/\/cfbdg.com\/en\/team-2\/jean-lou-paquet\/\",\"name\":\"Jean-Lou Paquet - BDG &amp; Partners Financial Corporation\",\"isPartOf\":{\"@id\":\"https:\/\/cfbdg.com\/en\/#website\"},\"primaryImageOfPage\":{\"@id\":\"https:\/\/cfbdg.com\/en\/team-2\/jean-lou-paquet\/#primaryimage\"},\"image\":{\"@id\":\"https:\/\/cfbdg.com\/en\/team-2\/jean-lou-paquet\/#primaryimage\"},\"thumbnailUrl\":\"https:\/\/cfbdg.com\/wp-content\/uploads\/2017\/10\/equipe-03.png\",\"datePublished\":\"2017-11-07T11:21:08+00:00\",\"dateModified\":\"2021-02-12T14:00:29+00:00\",\"breadcrumb\":{\"@id\":\"https:\/\/cfbdg.com\/en\/team-2\/jean-lou-paquet\/#breadcrumb\"},\"inLanguage\":\"en-US\",\"potentialAction\":[{\"@type\":\"ReadAction\",\"target\":[\"https:\/\/cfbdg.com\/en\/team-2\/jean-lou-paquet\/\"]}]},{\"@type\":\"ImageObject\",\"inLanguage\":\"en-US\",\"@id\":\"https:\/\/cfbdg.com\/en\/team-2\/jean-lou-paquet\/#primaryimage\",\"url\":\"https:\/\/cfbdg.com\/wp-content\/uploads\/2017\/10\/equipe-03.png\",\"contentUrl\":\"https:\/\/cfbdg.com\/wp-content\/uploads\/2017\/10\/equipe-03.png\"},{\"@type\":\"BreadcrumbList\",\"@id\":\"https:\/\/cfbdg.com\/en\/team-2\/jean-lou-paquet\/#breadcrumb\",\"itemListElement\":[{\"@type\":\"ListItem\",\"position\":1,\"name\":\"Accueil\",\"item\":\"https:\/\/cfbdg.com\/en\/\"},{\"@type\":\"ListItem\",\"position\":2,\"name\":\"Team\",\"item\":\"https:\/\/cfbdg.com\/en\/team-2\/\"},{\"@type\":\"ListItem\",\"position\":3,\"name\":\"Jean-Lou Paquet\"}]},{\"@type\":\"WebSite\",\"@id\":\"https:\/\/cfbdg.com\/en\/#website\",\"url\":\"https:\/\/cfbdg.com\/en\/\",\"name\":\"BDG &amp; Partners Financial Corporation\",\"description\":\"\",\"potentialAction\":[{\"@type\":\"SearchAction\",\"target\":{\"@type\":\"EntryPoint\",\"urlTemplate\":\"https:\/\/cfbdg.com\/en\/?s={search_term_string}\"},\"query-input\":{\"@type\":\"PropertyValueSpecification\",\"valueRequired\":true,\"valueName\":\"search_term_string\"}}],\"inLanguage\":\"en-US\"}]}<\/script>\n<!-- \/ Yoast SEO plugin. -->","yoast_head_json":{"title":"Jean-Lou Paquet - BDG &amp; Partners Financial Corporation","robots":{"index":"index","follow":"follow","max-snippet":"max-snippet:-1","max-image-preview":"max-image-preview:large","max-video-preview":"max-video-preview:-1"},"canonical":"https:\/\/cfbdg.com\/en\/team-2\/jean-lou-paquet\/","og_locale":"en_US","og_type":"article","og_title":"Jean-Lou Paquet - BDG &amp; Partners Financial Corporation","og_description":"Jean-Lou Paquet Partner Prior to joining BDG, Jean-Lou held various executive positions in M&amp;A, finances, sales, human resources and legal disciplines, within multinationals, investment funds, SMEs and as the founder of his own start-up. Jean-Lou holds an M.Sc. in Commerce and a BAA in Business Administration. He founded KidsPlay Mission, a non-profit program that [&hellip;]","og_url":"https:\/\/cfbdg.com\/en\/team-2\/jean-lou-paquet\/","og_site_name":"BDG &amp; Partners Financial Corporation","article_modified_time":"2021-02-12T14:00:29+00:00","og_image":[{"url":"https:\/\/cfbdg.com\/wp-content\/uploads\/2017\/10\/equipe-03.png","type":"","width":"","height":""}],"twitter_card":"summary_large_image","twitter_misc":{"Est. reading time":"5 minutes"},"schema":{"@context":"https:\/\/schema.org","@graph":[{"@type":"WebPage","@id":"https:\/\/cfbdg.com\/en\/team-2\/jean-lou-paquet\/","url":"https:\/\/cfbdg.com\/en\/team-2\/jean-lou-paquet\/","name":"Jean-Lou Paquet - BDG &amp; Partners Financial Corporation","isPartOf":{"@id":"https:\/\/cfbdg.com\/en\/#website"},"primaryImageOfPage":{"@id":"https:\/\/cfbdg.com\/en\/team-2\/jean-lou-paquet\/#primaryimage"},"image":{"@id":"https:\/\/cfbdg.com\/en\/team-2\/jean-lou-paquet\/#primaryimage"},"thumbnailUrl":"https:\/\/cfbdg.com\/wp-content\/uploads\/2017\/10\/equipe-03.png","datePublished":"2017-11-07T11:21:08+00:00","dateModified":"2021-02-12T14:00:29+00:00","breadcrumb":{"@id":"https:\/\/cfbdg.com\/en\/team-2\/jean-lou-paquet\/#breadcrumb"},"inLanguage":"en-US","potentialAction":[{"@type":"ReadAction","target":["https:\/\/cfbdg.com\/en\/team-2\/jean-lou-paquet\/"]}]},{"@type":"ImageObject","inLanguage":"en-US","@id":"https:\/\/cfbdg.com\/en\/team-2\/jean-lou-paquet\/#primaryimage","url":"https:\/\/cfbdg.com\/wp-content\/uploads\/2017\/10\/equipe-03.png","contentUrl":"https:\/\/cfbdg.com\/wp-content\/uploads\/2017\/10\/equipe-03.png"},{"@type":"BreadcrumbList","@id":"https:\/\/cfbdg.com\/en\/team-2\/jean-lou-paquet\/#breadcrumb","itemListElement":[{"@type":"ListItem","position":1,"name":"Accueil","item":"https:\/\/cfbdg.com\/en\/"},{"@type":"ListItem","position":2,"name":"Team","item":"https:\/\/cfbdg.com\/en\/team-2\/"},{"@type":"ListItem","position":3,"name":"Jean-Lou Paquet"}]},{"@type":"WebSite","@id":"https:\/\/cfbdg.com\/en\/#website","url":"https:\/\/cfbdg.com\/en\/","name":"BDG &amp; Partners Financial Corporation","description":"","potentialAction":[{"@type":"SearchAction","target":{"@type":"EntryPoint","urlTemplate":"https:\/\/cfbdg.com\/en\/?s={search_term_string}"},"query-input":{"@type":"PropertyValueSpecification","valueRequired":true,"valueName":"search_term_string"}}],"inLanguage":"en-US"}]}},"_links":{"self":[{"href":"https:\/\/cfbdg.com\/en\/wp-json\/wp\/v2\/pages\/1086","targetHints":{"allow":["GET"]}}],"collection":[{"href":"https:\/\/cfbdg.com\/en\/wp-json\/wp\/v2\/pages"}],"about":[{"href":"https:\/\/cfbdg.com\/en\/wp-json\/wp\/v2\/types\/page"}],"author":[{"embeddable":true,"href":"https:\/\/cfbdg.com\/en\/wp-json\/wp\/v2\/users\/12"}],"replies":[{"embeddable":true,"href":"https:\/\/cfbdg.com\/en\/wp-json\/wp\/v2\/comments?post=1086"}],"version-history":[{"count":0,"href":"https:\/\/cfbdg.com\/en\/wp-json\/wp\/v2\/pages\/1086\/revisions"}],"up":[{"embeddable":true,"href":"https:\/\/cfbdg.com\/en\/wp-json\/wp\/v2\/pages\/756"}],"wp:attachment":[{"href":"https:\/\/cfbdg.com\/en\/wp-json\/wp\/v2\/media?parent=1086"}],"curies":[{"name":"wp","href":"https:\/\/api.w.org\/{rel}","templated":true}]}}