{"id":1103,"date":"2017-11-07T06:25:41","date_gmt":"2017-11-07T11:25:41","guid":{"rendered":"https:\/\/cfbdg.com\/?page_id=1103"},"modified":"2018-03-16T12:13:49","modified_gmt":"2018-03-16T16:13:49","slug":"nicolas-de-canniere","status":"publish","type":"page","link":"https:\/\/cfbdg.com\/en\/team-2\/nicolas-de-canniere\/","title":{"rendered":"Nicolas De Canni\u00e8re"},"content":{"rendered":"<p>[et_pb_section bb_built=&#8221;1&#8243;][et_pb_row][et_pb_column type=&#8221;4_4&#8243;][et_pb_divider _builder_version=&#8221;3.0.82&#8243; divider_style=&#8221;solid&#8221; divider_position=&#8221;top&#8221; height=&#8221;30px&#8221; box_shadow_position=&#8221;outer&#8221; \/][et_pb_text admin_label=&#8221;Nicolas De Canni\u00e8re&#8221; _builder_version=&#8221;3.0.92&#8243; background_layout=&#8221;light&#8221;]<\/p>\n<h2>Nicolas De Canni\u00e8re<\/h2>\n<p>Nicolas De Canni\u00e8re is a graduate of the London School of Economics and Political Science (LSE) (MSc Econ) and also got a Law License from the University of Leuven in Belgium.<\/p>\n<p>Mr. De Canni\u00e8re started his career in the M&amp;A department of the Bank Brussels Lambert. He then joined the executive team at ING Corporate Finance in Belgium, where he also developed the Monitoring Trustee department, which issued account supervision mandates for accounts such as the European Commission, the United States Federal Trade Commission, Mofcom in China and the JFTC in Japan.<\/p>\n<p>Mr. De Canni\u00e8re also helped expand the operations of Panasonic Sanyo, Gaz de France Suez, GALP, Iberia, Teva, Imerys, IBM and others.<\/p>\n<p>He was also an advisor for Mofcom in China, and helped devise and implement a new competition policy law. Since 2012, he has been heading High Woods Consulting, a firm he founded. This firm handles important heritage family funds, towards multi-sector investments. Nicolas also administrates several businesses and organizations.<\/p>\n<p>[\/et_pb_text][et_pb_divider _builder_version=&#8221;3.0.82&#8243; divider_style=&#8221;solid&#8221; divider_position=&#8221;top&#8221; height=&#8221;30px&#8221; box_shadow_position=&#8221;outer&#8221; \/][\/et_pb_column][\/et_pb_row][\/et_pb_section]<\/p>\n","protected":false},"excerpt":{"rendered":"<p><div class=\"et_pb_row et_pb_row_0 et_pb_row_empty\">\n\t\t\t\t\n\t\t\t\t\n\t\t\t\t\n\t\t\t\t\n\t\t\t\t\n\t\t\t<\/div> Nicolas De Canni\u00e8re Nicolas De Canni\u00e8re is a graduate of the London School of Economics and Political Science (LSE) (MSc Econ) and also got a Law License from the University of Leuven in Belgium. Mr. De Canni\u00e8re started his career in the M&amp;A department of the Bank Brussels Lambert. He then joined the executive [&hellip;]<\/p>\n","protected":false},"author":12,"featured_media":0,"parent":756,"menu_order":0,"comment_status":"closed","ping_status":"closed","template":"page-teammember.php","meta":{"_acf_changed":false,"_et_pb_use_builder":"on","_et_pb_old_content":"","_et_gb_content_width":"","_monsterinsights_skip_tracking":false,"_monsterinsights_sitenote_active":false,"_monsterinsights_sitenote_note":"","_monsterinsights_sitenote_category":0,"footnotes":""},"class_list":["post-1103","page","type-page","status-publish","hentry"],"acf":[],"yoast_head":"<!-- This site is optimized with the Yoast SEO plugin v27.2 - https:\/\/yoast.com\/product\/yoast-seo-wordpress\/ -->\n<title>Nicolas De Canni\u00e8re - BDG &amp; Partners Financial Corporation<\/title>\n<meta name=\"robots\" content=\"index, follow, max-snippet:-1, max-image-preview:large, max-video-preview:-1\" \/>\n<link rel=\"canonical\" href=\"https:\/\/cfbdg.com\/en\/team-2\/nicolas-de-canniere\/\" \/>\n<meta property=\"og:locale\" content=\"en_US\" \/>\n<meta property=\"og:type\" content=\"article\" \/>\n<meta property=\"og:title\" content=\"Nicolas De Canni\u00e8re - BDG &amp; Partners Financial Corporation\" \/>\n<meta property=\"og:description\" content=\"Nicolas De Canni\u00e8re Nicolas De Canni\u00e8re is a graduate of the London School of Economics and Political Science (LSE) (MSc Econ) and also got a Law License from the University of Leuven in Belgium. Mr. De Canni\u00e8re started his career in the M&amp;A department of the Bank Brussels Lambert. He then joined the executive [&hellip;]\" \/>\n<meta property=\"og:url\" content=\"https:\/\/cfbdg.com\/en\/team-2\/nicolas-de-canniere\/\" \/>\n<meta property=\"og:site_name\" content=\"BDG &amp; Partners Financial Corporation\" \/>\n<meta property=\"article:modified_time\" content=\"2018-03-16T16:13:49+00:00\" \/>\n<meta name=\"twitter:card\" content=\"summary_large_image\" \/>\n<meta name=\"twitter:label1\" content=\"Est. reading time\" \/>\n\t<meta name=\"twitter:data1\" content=\"1 minute\" \/>\n<script type=\"application\/ld+json\" class=\"yoast-schema-graph\">{\"@context\":\"https:\/\/schema.org\",\"@graph\":[{\"@type\":\"WebPage\",\"@id\":\"https:\/\/cfbdg.com\/en\/team-2\/nicolas-de-canniere\/\",\"url\":\"https:\/\/cfbdg.com\/en\/team-2\/nicolas-de-canniere\/\",\"name\":\"Nicolas De Canni\u00e8re - BDG &amp; Partners Financial Corporation\",\"isPartOf\":{\"@id\":\"https:\/\/cfbdg.com\/en\/#website\"},\"datePublished\":\"2017-11-07T11:25:41+00:00\",\"dateModified\":\"2018-03-16T16:13:49+00:00\",\"breadcrumb\":{\"@id\":\"https:\/\/cfbdg.com\/en\/team-2\/nicolas-de-canniere\/#breadcrumb\"},\"inLanguage\":\"en-US\",\"potentialAction\":[{\"@type\":\"ReadAction\",\"target\":[\"https:\/\/cfbdg.com\/en\/team-2\/nicolas-de-canniere\/\"]}]},{\"@type\":\"BreadcrumbList\",\"@id\":\"https:\/\/cfbdg.com\/en\/team-2\/nicolas-de-canniere\/#breadcrumb\",\"itemListElement\":[{\"@type\":\"ListItem\",\"position\":1,\"name\":\"Accueil\",\"item\":\"https:\/\/cfbdg.com\/en\/\"},{\"@type\":\"ListItem\",\"position\":2,\"name\":\"Team\",\"item\":\"https:\/\/cfbdg.com\/en\/team-2\/\"},{\"@type\":\"ListItem\",\"position\":3,\"name\":\"Nicolas De Canni\u00e8re\"}]},{\"@type\":\"WebSite\",\"@id\":\"https:\/\/cfbdg.com\/en\/#website\",\"url\":\"https:\/\/cfbdg.com\/en\/\",\"name\":\"BDG &amp; Partners Financial Corporation\",\"description\":\"\",\"potentialAction\":[{\"@type\":\"SearchAction\",\"target\":{\"@type\":\"EntryPoint\",\"urlTemplate\":\"https:\/\/cfbdg.com\/en\/?s={search_term_string}\"},\"query-input\":{\"@type\":\"PropertyValueSpecification\",\"valueRequired\":true,\"valueName\":\"search_term_string\"}}],\"inLanguage\":\"en-US\"}]}<\/script>\n<!-- \/ Yoast SEO plugin. -->","yoast_head_json":{"title":"Nicolas De Canni\u00e8re - BDG &amp; Partners Financial Corporation","robots":{"index":"index","follow":"follow","max-snippet":"max-snippet:-1","max-image-preview":"max-image-preview:large","max-video-preview":"max-video-preview:-1"},"canonical":"https:\/\/cfbdg.com\/en\/team-2\/nicolas-de-canniere\/","og_locale":"en_US","og_type":"article","og_title":"Nicolas De Canni\u00e8re - BDG &amp; Partners Financial Corporation","og_description":"Nicolas De Canni\u00e8re Nicolas De Canni\u00e8re is a graduate of the London School of Economics and Political Science (LSE) (MSc Econ) and also got a Law License from the University of Leuven in Belgium. Mr. De Canni\u00e8re started his career in the M&amp;A department of the Bank Brussels Lambert. He then joined the executive [&hellip;]","og_url":"https:\/\/cfbdg.com\/en\/team-2\/nicolas-de-canniere\/","og_site_name":"BDG &amp; Partners Financial Corporation","article_modified_time":"2018-03-16T16:13:49+00:00","twitter_card":"summary_large_image","twitter_misc":{"Est. reading time":"1 minute"},"schema":{"@context":"https:\/\/schema.org","@graph":[{"@type":"WebPage","@id":"https:\/\/cfbdg.com\/en\/team-2\/nicolas-de-canniere\/","url":"https:\/\/cfbdg.com\/en\/team-2\/nicolas-de-canniere\/","name":"Nicolas De Canni\u00e8re - BDG &amp; Partners Financial Corporation","isPartOf":{"@id":"https:\/\/cfbdg.com\/en\/#website"},"datePublished":"2017-11-07T11:25:41+00:00","dateModified":"2018-03-16T16:13:49+00:00","breadcrumb":{"@id":"https:\/\/cfbdg.com\/en\/team-2\/nicolas-de-canniere\/#breadcrumb"},"inLanguage":"en-US","potentialAction":[{"@type":"ReadAction","target":["https:\/\/cfbdg.com\/en\/team-2\/nicolas-de-canniere\/"]}]},{"@type":"BreadcrumbList","@id":"https:\/\/cfbdg.com\/en\/team-2\/nicolas-de-canniere\/#breadcrumb","itemListElement":[{"@type":"ListItem","position":1,"name":"Accueil","item":"https:\/\/cfbdg.com\/en\/"},{"@type":"ListItem","position":2,"name":"Team","item":"https:\/\/cfbdg.com\/en\/team-2\/"},{"@type":"ListItem","position":3,"name":"Nicolas De Canni\u00e8re"}]},{"@type":"WebSite","@id":"https:\/\/cfbdg.com\/en\/#website","url":"https:\/\/cfbdg.com\/en\/","name":"BDG &amp; Partners Financial Corporation","description":"","potentialAction":[{"@type":"SearchAction","target":{"@type":"EntryPoint","urlTemplate":"https:\/\/cfbdg.com\/en\/?s={search_term_string}"},"query-input":{"@type":"PropertyValueSpecification","valueRequired":true,"valueName":"search_term_string"}}],"inLanguage":"en-US"}]}},"_links":{"self":[{"href":"https:\/\/cfbdg.com\/en\/wp-json\/wp\/v2\/pages\/1103","targetHints":{"allow":["GET"]}}],"collection":[{"href":"https:\/\/cfbdg.com\/en\/wp-json\/wp\/v2\/pages"}],"about":[{"href":"https:\/\/cfbdg.com\/en\/wp-json\/wp\/v2\/types\/page"}],"author":[{"embeddable":true,"href":"https:\/\/cfbdg.com\/en\/wp-json\/wp\/v2\/users\/12"}],"replies":[{"embeddable":true,"href":"https:\/\/cfbdg.com\/en\/wp-json\/wp\/v2\/comments?post=1103"}],"version-history":[{"count":0,"href":"https:\/\/cfbdg.com\/en\/wp-json\/wp\/v2\/pages\/1103\/revisions"}],"up":[{"embeddable":true,"href":"https:\/\/cfbdg.com\/en\/wp-json\/wp\/v2\/pages\/756"}],"wp:attachment":[{"href":"https:\/\/cfbdg.com\/en\/wp-json\/wp\/v2\/media?parent=1103"}],"curies":[{"name":"wp","href":"https:\/\/api.w.org\/{rel}","templated":true}]}}