{"id":1235,"date":"2017-12-29T10:02:03","date_gmt":"2017-12-29T15:02:03","guid":{"rendered":"https:\/\/cfbdg.com\/?page_id=1235"},"modified":"2018-02-19T14:16:06","modified_gmt":"2018-02-19T19:16:06","slug":"christian-turgeon-board-member","status":"publish","type":"page","link":"https:\/\/cfbdg.com\/en\/team-2\/christian-turgeon-board-member\/","title":{"rendered":"Christian Turgeon &#8211; Board member"},"content":{"rendered":"<p>[et_pb_section bb_built=&#8221;1&#8243;][et_pb_row][et_pb_column type=&#8221;4_4&#8243;][et_pb_divider _builder_version=&#8221;3.0.82&#8243; divider_style=&#8221;solid&#8221; divider_position=&#8221;top&#8221; height=&#8221;30px&#8221; box_shadow_position=&#8221;outer&#8221; \/][et_pb_text admin_label=&#8221;Christian Turgeon&#8221; _builder_version=&#8221;3.0.92&#8243; background_layout=&#8221;light&#8221;]<\/p>\n<h2>Christian Turgeon<\/h2>\n<p>Christian has 20 years of experience in investments and corporate development in Canada and internationally. Prior to co-founding BDG &amp; Partners, he worked with some of the largest and most renowned Canadian institutional and private equity funds. He has also been involved in general operations by holding executive positions in manufacturing and distribution companies.<\/p>\n<p>Bachelor of Science in Accounting and Chartered Accountant designation CPA, CA.<\/p>\n<p>Prior to co-founding BDG &amp; Associates, Christian worked at Novacap, one of Canada&#8217;s leading private equity funds. He has also worked in various subsidiaries of Caisse de d\u00e9p\u00f4t et placement du Qu\u00e9bec, one of the largest institutional investors. He then conducted investment operations of all sizes in Canada, the United States, Europe and Asia.<\/p>\n<p>He previously managed the operations of a manufacturing company and assumed the corporate development functions of the parent company.<\/p>\n<p>He began his career at one of the largest international consulting firms where he was a director of transactional services and advised clients on transactions related to mergers and acquisitions.<\/p>\n<p>Christian has served on the boards of several companies in Canada and the United States. He is also a member of the Board of Directors of YPO-Qu\u00e9bec.<\/p>\n<p>[\/et_pb_text][et_pb_divider _builder_version=&#8221;3.0.82&#8243; divider_style=&#8221;solid&#8221; divider_position=&#8221;top&#8221; height=&#8221;30px&#8221; box_shadow_position=&#8221;outer&#8221; \/][\/et_pb_column][\/et_pb_row][\/et_pb_section]<\/p>\n","protected":false},"excerpt":{"rendered":"<p><div class=\"et_pb_row et_pb_row_0 et_pb_row_empty\">\n\t\t\t\t\n\t\t\t\t\n\t\t\t\t\n\t\t\t\t\n\t\t\t\t\n\t\t\t<\/div> Christian Turgeon Christian has 20 years of experience in investments and corporate development in Canada and internationally. Prior to co-founding BDG &amp; Partners, he worked with some of the largest and most renowned Canadian institutional and private equity funds. He has also been involved in general operations by holding executive positions in manufacturing and [&hellip;]<\/p>\n","protected":false},"author":1,"featured_media":0,"parent":756,"menu_order":0,"comment_status":"closed","ping_status":"closed","template":"page-teammember.php","meta":{"_acf_changed":false,"_et_pb_use_builder":"on","_et_pb_old_content":"","_et_gb_content_width":"","_monsterinsights_skip_tracking":false,"_monsterinsights_sitenote_active":false,"_monsterinsights_sitenote_note":"","_monsterinsights_sitenote_category":0,"footnotes":""},"class_list":["post-1235","page","type-page","status-publish","hentry"],"acf":[],"yoast_head":"<!-- This site is optimized with the Yoast SEO plugin v27.2 - https:\/\/yoast.com\/product\/yoast-seo-wordpress\/ -->\n<title>Christian Turgeon - Board member - BDG &amp; Partners Financial Corporation<\/title>\n<meta name=\"robots\" content=\"index, follow, max-snippet:-1, max-image-preview:large, max-video-preview:-1\" \/>\n<link rel=\"canonical\" href=\"https:\/\/cfbdg.com\/en\/team-2\/christian-turgeon-board-member\/\" \/>\n<meta property=\"og:locale\" content=\"en_US\" \/>\n<meta property=\"og:type\" content=\"article\" \/>\n<meta property=\"og:title\" content=\"Christian Turgeon - Board member - BDG &amp; Partners Financial Corporation\" \/>\n<meta property=\"og:description\" content=\"Christian Turgeon Christian has 20 years of experience in investments and corporate development in Canada and internationally. Prior to co-founding BDG &amp; Partners, he worked with some of the largest and most renowned Canadian institutional and private equity funds. He has also been involved in general operations by holding executive positions in manufacturing and [&hellip;]\" \/>\n<meta property=\"og:url\" content=\"https:\/\/cfbdg.com\/en\/team-2\/christian-turgeon-board-member\/\" \/>\n<meta property=\"og:site_name\" content=\"BDG &amp; Partners Financial Corporation\" \/>\n<meta property=\"article:modified_time\" content=\"2018-02-19T19:16:06+00:00\" \/>\n<meta name=\"twitter:card\" content=\"summary_large_image\" \/>\n<meta name=\"twitter:label1\" content=\"Est. reading time\" \/>\n\t<meta name=\"twitter:data1\" content=\"1 minute\" \/>\n<script type=\"application\/ld+json\" class=\"yoast-schema-graph\">{\"@context\":\"https:\/\/schema.org\",\"@graph\":[{\"@type\":\"WebPage\",\"@id\":\"https:\/\/cfbdg.com\/en\/team-2\/christian-turgeon-board-member\/\",\"url\":\"https:\/\/cfbdg.com\/en\/team-2\/christian-turgeon-board-member\/\",\"name\":\"Christian Turgeon - Board member - BDG &amp; Partners Financial Corporation\",\"isPartOf\":{\"@id\":\"https:\/\/cfbdg.com\/en\/#website\"},\"datePublished\":\"2017-12-29T15:02:03+00:00\",\"dateModified\":\"2018-02-19T19:16:06+00:00\",\"breadcrumb\":{\"@id\":\"https:\/\/cfbdg.com\/en\/team-2\/christian-turgeon-board-member\/#breadcrumb\"},\"inLanguage\":\"en-US\",\"potentialAction\":[{\"@type\":\"ReadAction\",\"target\":[\"https:\/\/cfbdg.com\/en\/team-2\/christian-turgeon-board-member\/\"]}]},{\"@type\":\"BreadcrumbList\",\"@id\":\"https:\/\/cfbdg.com\/en\/team-2\/christian-turgeon-board-member\/#breadcrumb\",\"itemListElement\":[{\"@type\":\"ListItem\",\"position\":1,\"name\":\"Accueil\",\"item\":\"https:\/\/cfbdg.com\/en\/\"},{\"@type\":\"ListItem\",\"position\":2,\"name\":\"Team\",\"item\":\"https:\/\/cfbdg.com\/en\/team-2\/\"},{\"@type\":\"ListItem\",\"position\":3,\"name\":\"Christian Turgeon &#8211; Board member\"}]},{\"@type\":\"WebSite\",\"@id\":\"https:\/\/cfbdg.com\/en\/#website\",\"url\":\"https:\/\/cfbdg.com\/en\/\",\"name\":\"BDG &amp; Partners Financial Corporation\",\"description\":\"\",\"potentialAction\":[{\"@type\":\"SearchAction\",\"target\":{\"@type\":\"EntryPoint\",\"urlTemplate\":\"https:\/\/cfbdg.com\/en\/?s={search_term_string}\"},\"query-input\":{\"@type\":\"PropertyValueSpecification\",\"valueRequired\":true,\"valueName\":\"search_term_string\"}}],\"inLanguage\":\"en-US\"}]}<\/script>\n<!-- \/ Yoast SEO plugin. -->","yoast_head_json":{"title":"Christian Turgeon - Board member - BDG &amp; Partners Financial Corporation","robots":{"index":"index","follow":"follow","max-snippet":"max-snippet:-1","max-image-preview":"max-image-preview:large","max-video-preview":"max-video-preview:-1"},"canonical":"https:\/\/cfbdg.com\/en\/team-2\/christian-turgeon-board-member\/","og_locale":"en_US","og_type":"article","og_title":"Christian Turgeon - Board member - BDG &amp; Partners Financial Corporation","og_description":"Christian Turgeon Christian has 20 years of experience in investments and corporate development in Canada and internationally. Prior to co-founding BDG &amp; Partners, he worked with some of the largest and most renowned Canadian institutional and private equity funds. He has also been involved in general operations by holding executive positions in manufacturing and [&hellip;]","og_url":"https:\/\/cfbdg.com\/en\/team-2\/christian-turgeon-board-member\/","og_site_name":"BDG &amp; Partners Financial Corporation","article_modified_time":"2018-02-19T19:16:06+00:00","twitter_card":"summary_large_image","twitter_misc":{"Est. reading time":"1 minute"},"schema":{"@context":"https:\/\/schema.org","@graph":[{"@type":"WebPage","@id":"https:\/\/cfbdg.com\/en\/team-2\/christian-turgeon-board-member\/","url":"https:\/\/cfbdg.com\/en\/team-2\/christian-turgeon-board-member\/","name":"Christian Turgeon - Board member - BDG &amp; Partners Financial Corporation","isPartOf":{"@id":"https:\/\/cfbdg.com\/en\/#website"},"datePublished":"2017-12-29T15:02:03+00:00","dateModified":"2018-02-19T19:16:06+00:00","breadcrumb":{"@id":"https:\/\/cfbdg.com\/en\/team-2\/christian-turgeon-board-member\/#breadcrumb"},"inLanguage":"en-US","potentialAction":[{"@type":"ReadAction","target":["https:\/\/cfbdg.com\/en\/team-2\/christian-turgeon-board-member\/"]}]},{"@type":"BreadcrumbList","@id":"https:\/\/cfbdg.com\/en\/team-2\/christian-turgeon-board-member\/#breadcrumb","itemListElement":[{"@type":"ListItem","position":1,"name":"Accueil","item":"https:\/\/cfbdg.com\/en\/"},{"@type":"ListItem","position":2,"name":"Team","item":"https:\/\/cfbdg.com\/en\/team-2\/"},{"@type":"ListItem","position":3,"name":"Christian Turgeon &#8211; Board member"}]},{"@type":"WebSite","@id":"https:\/\/cfbdg.com\/en\/#website","url":"https:\/\/cfbdg.com\/en\/","name":"BDG &amp; Partners Financial Corporation","description":"","potentialAction":[{"@type":"SearchAction","target":{"@type":"EntryPoint","urlTemplate":"https:\/\/cfbdg.com\/en\/?s={search_term_string}"},"query-input":{"@type":"PropertyValueSpecification","valueRequired":true,"valueName":"search_term_string"}}],"inLanguage":"en-US"}]}},"_links":{"self":[{"href":"https:\/\/cfbdg.com\/en\/wp-json\/wp\/v2\/pages\/1235","targetHints":{"allow":["GET"]}}],"collection":[{"href":"https:\/\/cfbdg.com\/en\/wp-json\/wp\/v2\/pages"}],"about":[{"href":"https:\/\/cfbdg.com\/en\/wp-json\/wp\/v2\/types\/page"}],"author":[{"embeddable":true,"href":"https:\/\/cfbdg.com\/en\/wp-json\/wp\/v2\/users\/1"}],"replies":[{"embeddable":true,"href":"https:\/\/cfbdg.com\/en\/wp-json\/wp\/v2\/comments?post=1235"}],"version-history":[{"count":0,"href":"https:\/\/cfbdg.com\/en\/wp-json\/wp\/v2\/pages\/1235\/revisions"}],"up":[{"embeddable":true,"href":"https:\/\/cfbdg.com\/en\/wp-json\/wp\/v2\/pages\/756"}],"wp:attachment":[{"href":"https:\/\/cfbdg.com\/en\/wp-json\/wp\/v2\/media?parent=1235"}],"curies":[{"name":"wp","href":"https:\/\/api.w.org\/{rel}","templated":true}]}}