{"id":2302,"date":"2020-02-03T10:43:03","date_gmt":"2020-02-03T15:43:03","guid":{"rendered":"https:\/\/cfbdg.com\/?page_id=2302"},"modified":"2020-02-03T10:45:24","modified_gmt":"2020-02-03T15:45:24","slug":"francois-morier","status":"publish","type":"page","link":"https:\/\/cfbdg.com\/en\/team-2\/francois-morier\/","title":{"rendered":"Fran\u00e7ois Morier"},"content":{"rendered":"<p>[et_pb_section bb_built=&#8221;1&#8243;][et_pb_row][et_pb_column type=&#8221;4_4&#8243;][et_pb_divider _builder_version=&#8221;3.0.82&#8243; divider_style=&#8221;solid&#8221; divider_position=&#8221;top&#8221; height=&#8221;30px&#8221; box_shadow_position=&#8221;outer&#8221; color=&#8221;#ffffff&#8221; show_divider=&#8221;off&#8221; \/][et_pb_text admin_label=&#8221;Fran\u00e7ois Morier&#8221; _builder_version=&#8221;3.21&#8243;]<\/p>\n<h2><a href=\"https:\/\/cfbdg.com\/wp-content\/uploads\/2019\/04\/fmo-pic2-e1556121183508.jpg\"><img loading=\"lazy\" decoding=\"async\" class=\"alignright size-full wp-image-2291\" src=\"https:\/\/cfbdg.com\/wp-content\/uploads\/2019\/04\/fmo-pic2-e1556121183508.jpg\" alt=\"\" width=\"480\" height=\"407\" \/><\/a>Fran\u00e7ois Morier<\/h2>\n<h3>Partner<\/h3>\n<p>Fran\u00e7ois has a strong background in investments and SME financing, with over 20 years of experience in venture capital, structured investing and business turnaround. Focused on action, results and customer satisfaction, Fran\u00e7ois has demonstrated the ability to create and maintain business relationships with entrepreneurs and stakeholders. Fran\u00e7ois is recognized for his skills in business development, business model analysis, coaching and employee engagement.<\/p>\n<p>[\/et_pb_text][et_pb_divider _builder_version=&#8221;3.0.82&#8243; divider_style=&#8221;solid&#8221; divider_position=&#8221;top&#8221; height=&#8221;30px&#8221; box_shadow_position=&#8221;outer&#8221; color=&#8221;#ffffff&#8221; show_divider=&#8221;off&#8221; \/][\/et_pb_column][\/et_pb_row][\/et_pb_section]<\/p>\n","protected":false},"excerpt":{"rendered":"<p><div class=\"et_pb_row et_pb_row_0 et_pb_row_empty\">\n\t\t\t\t\n\t\t\t\t\n\t\t\t\t\n\t\t\t\t\n\t\t\t\t\n\t\t\t<\/div> Fran\u00e7ois Morier Partner Fran\u00e7ois has a strong background in investments and SME financing, with over 20 years of experience in venture capital, structured investing and business turnaround. Focused on action, results and customer satisfaction, Fran\u00e7ois has demonstrated the ability to create and maintain business relationships with entrepreneurs and stakeholders. Fran\u00e7ois is recognized for his [&hellip;]<\/p>\n","protected":false},"author":12,"featured_media":0,"parent":756,"menu_order":0,"comment_status":"closed","ping_status":"closed","template":"page-teammember.php","meta":{"_acf_changed":false,"_et_pb_use_builder":"on","_et_pb_old_content":"","_et_gb_content_width":"","_monsterinsights_skip_tracking":false,"_monsterinsights_sitenote_active":false,"_monsterinsights_sitenote_note":"","_monsterinsights_sitenote_category":0,"footnotes":""},"class_list":["post-2302","page","type-page","status-publish","hentry"],"acf":[],"yoast_head":"<!-- This site is optimized with the Yoast SEO plugin v27.2 - https:\/\/yoast.com\/product\/yoast-seo-wordpress\/ -->\n<title>Fran\u00e7ois Morier - BDG &amp; Partners Financial Corporation<\/title>\n<meta name=\"robots\" content=\"index, follow, max-snippet:-1, max-image-preview:large, max-video-preview:-1\" \/>\n<link rel=\"canonical\" href=\"https:\/\/cfbdg.com\/en\/team-2\/francois-morier\/\" \/>\n<meta property=\"og:locale\" content=\"en_US\" \/>\n<meta property=\"og:type\" content=\"article\" \/>\n<meta property=\"og:title\" content=\"Fran\u00e7ois Morier - BDG &amp; Partners Financial Corporation\" \/>\n<meta property=\"og:description\" content=\"Fran\u00e7ois Morier Partner Fran\u00e7ois has a strong background in investments and SME financing, with over 20 years of experience in venture capital, structured investing and business turnaround. Focused on action, results and customer satisfaction, Fran\u00e7ois has demonstrated the ability to create and maintain business relationships with entrepreneurs and stakeholders. Fran\u00e7ois is recognized for his [&hellip;]\" \/>\n<meta property=\"og:url\" content=\"https:\/\/cfbdg.com\/en\/team-2\/francois-morier\/\" \/>\n<meta property=\"og:site_name\" content=\"BDG &amp; Partners Financial Corporation\" \/>\n<meta property=\"article:modified_time\" content=\"2020-02-03T15:45:24+00:00\" \/>\n<meta property=\"og:image\" content=\"https:\/\/cfbdg.com\/wp-content\/uploads\/2019\/04\/fmo-pic2-e1556121183508.jpg\" \/>\n<meta name=\"twitter:card\" content=\"summary_large_image\" \/>\n<meta name=\"twitter:label1\" content=\"Est. reading time\" \/>\n\t<meta name=\"twitter:data1\" content=\"1 minute\" \/>\n<script type=\"application\/ld+json\" class=\"yoast-schema-graph\">{\"@context\":\"https:\/\/schema.org\",\"@graph\":[{\"@type\":\"WebPage\",\"@id\":\"https:\/\/cfbdg.com\/en\/team-2\/francois-morier\/\",\"url\":\"https:\/\/cfbdg.com\/en\/team-2\/francois-morier\/\",\"name\":\"Fran\u00e7ois Morier - BDG &amp; Partners Financial Corporation\",\"isPartOf\":{\"@id\":\"https:\/\/cfbdg.com\/en\/#website\"},\"primaryImageOfPage\":{\"@id\":\"https:\/\/cfbdg.com\/en\/team-2\/francois-morier\/#primaryimage\"},\"image\":{\"@id\":\"https:\/\/cfbdg.com\/en\/team-2\/francois-morier\/#primaryimage\"},\"thumbnailUrl\":\"https:\/\/cfbdg.com\/wp-content\/uploads\/2019\/04\/fmo-pic2-e1556121183508.jpg\",\"datePublished\":\"2020-02-03T15:43:03+00:00\",\"dateModified\":\"2020-02-03T15:45:24+00:00\",\"breadcrumb\":{\"@id\":\"https:\/\/cfbdg.com\/en\/team-2\/francois-morier\/#breadcrumb\"},\"inLanguage\":\"en-US\",\"potentialAction\":[{\"@type\":\"ReadAction\",\"target\":[\"https:\/\/cfbdg.com\/en\/team-2\/francois-morier\/\"]}]},{\"@type\":\"ImageObject\",\"inLanguage\":\"en-US\",\"@id\":\"https:\/\/cfbdg.com\/en\/team-2\/francois-morier\/#primaryimage\",\"url\":\"https:\/\/cfbdg.com\/wp-content\/uploads\/2019\/04\/fmo-pic2-e1556121183508.jpg\",\"contentUrl\":\"https:\/\/cfbdg.com\/wp-content\/uploads\/2019\/04\/fmo-pic2-e1556121183508.jpg\"},{\"@type\":\"BreadcrumbList\",\"@id\":\"https:\/\/cfbdg.com\/en\/team-2\/francois-morier\/#breadcrumb\",\"itemListElement\":[{\"@type\":\"ListItem\",\"position\":1,\"name\":\"Accueil\",\"item\":\"https:\/\/cfbdg.com\/en\/\"},{\"@type\":\"ListItem\",\"position\":2,\"name\":\"Team\",\"item\":\"https:\/\/cfbdg.com\/en\/team-2\/\"},{\"@type\":\"ListItem\",\"position\":3,\"name\":\"Fran\u00e7ois Morier\"}]},{\"@type\":\"WebSite\",\"@id\":\"https:\/\/cfbdg.com\/en\/#website\",\"url\":\"https:\/\/cfbdg.com\/en\/\",\"name\":\"BDG &amp; Partners Financial Corporation\",\"description\":\"\",\"potentialAction\":[{\"@type\":\"SearchAction\",\"target\":{\"@type\":\"EntryPoint\",\"urlTemplate\":\"https:\/\/cfbdg.com\/en\/?s={search_term_string}\"},\"query-input\":{\"@type\":\"PropertyValueSpecification\",\"valueRequired\":true,\"valueName\":\"search_term_string\"}}],\"inLanguage\":\"en-US\"}]}<\/script>\n<!-- \/ Yoast SEO plugin. -->","yoast_head_json":{"title":"Fran\u00e7ois Morier - BDG &amp; Partners Financial Corporation","robots":{"index":"index","follow":"follow","max-snippet":"max-snippet:-1","max-image-preview":"max-image-preview:large","max-video-preview":"max-video-preview:-1"},"canonical":"https:\/\/cfbdg.com\/en\/team-2\/francois-morier\/","og_locale":"en_US","og_type":"article","og_title":"Fran\u00e7ois Morier - BDG &amp; Partners Financial Corporation","og_description":"Fran\u00e7ois Morier Partner Fran\u00e7ois has a strong background in investments and SME financing, with over 20 years of experience in venture capital, structured investing and business turnaround. Focused on action, results and customer satisfaction, Fran\u00e7ois has demonstrated the ability to create and maintain business relationships with entrepreneurs and stakeholders. Fran\u00e7ois is recognized for his [&hellip;]","og_url":"https:\/\/cfbdg.com\/en\/team-2\/francois-morier\/","og_site_name":"BDG &amp; Partners Financial Corporation","article_modified_time":"2020-02-03T15:45:24+00:00","og_image":[{"url":"https:\/\/cfbdg.com\/wp-content\/uploads\/2019\/04\/fmo-pic2-e1556121183508.jpg","type":"","width":"","height":""}],"twitter_card":"summary_large_image","twitter_misc":{"Est. reading time":"1 minute"},"schema":{"@context":"https:\/\/schema.org","@graph":[{"@type":"WebPage","@id":"https:\/\/cfbdg.com\/en\/team-2\/francois-morier\/","url":"https:\/\/cfbdg.com\/en\/team-2\/francois-morier\/","name":"Fran\u00e7ois Morier - BDG &amp; Partners Financial Corporation","isPartOf":{"@id":"https:\/\/cfbdg.com\/en\/#website"},"primaryImageOfPage":{"@id":"https:\/\/cfbdg.com\/en\/team-2\/francois-morier\/#primaryimage"},"image":{"@id":"https:\/\/cfbdg.com\/en\/team-2\/francois-morier\/#primaryimage"},"thumbnailUrl":"https:\/\/cfbdg.com\/wp-content\/uploads\/2019\/04\/fmo-pic2-e1556121183508.jpg","datePublished":"2020-02-03T15:43:03+00:00","dateModified":"2020-02-03T15:45:24+00:00","breadcrumb":{"@id":"https:\/\/cfbdg.com\/en\/team-2\/francois-morier\/#breadcrumb"},"inLanguage":"en-US","potentialAction":[{"@type":"ReadAction","target":["https:\/\/cfbdg.com\/en\/team-2\/francois-morier\/"]}]},{"@type":"ImageObject","inLanguage":"en-US","@id":"https:\/\/cfbdg.com\/en\/team-2\/francois-morier\/#primaryimage","url":"https:\/\/cfbdg.com\/wp-content\/uploads\/2019\/04\/fmo-pic2-e1556121183508.jpg","contentUrl":"https:\/\/cfbdg.com\/wp-content\/uploads\/2019\/04\/fmo-pic2-e1556121183508.jpg"},{"@type":"BreadcrumbList","@id":"https:\/\/cfbdg.com\/en\/team-2\/francois-morier\/#breadcrumb","itemListElement":[{"@type":"ListItem","position":1,"name":"Accueil","item":"https:\/\/cfbdg.com\/en\/"},{"@type":"ListItem","position":2,"name":"Team","item":"https:\/\/cfbdg.com\/en\/team-2\/"},{"@type":"ListItem","position":3,"name":"Fran\u00e7ois Morier"}]},{"@type":"WebSite","@id":"https:\/\/cfbdg.com\/en\/#website","url":"https:\/\/cfbdg.com\/en\/","name":"BDG &amp; Partners Financial Corporation","description":"","potentialAction":[{"@type":"SearchAction","target":{"@type":"EntryPoint","urlTemplate":"https:\/\/cfbdg.com\/en\/?s={search_term_string}"},"query-input":{"@type":"PropertyValueSpecification","valueRequired":true,"valueName":"search_term_string"}}],"inLanguage":"en-US"}]}},"_links":{"self":[{"href":"https:\/\/cfbdg.com\/en\/wp-json\/wp\/v2\/pages\/2302","targetHints":{"allow":["GET"]}}],"collection":[{"href":"https:\/\/cfbdg.com\/en\/wp-json\/wp\/v2\/pages"}],"about":[{"href":"https:\/\/cfbdg.com\/en\/wp-json\/wp\/v2\/types\/page"}],"author":[{"embeddable":true,"href":"https:\/\/cfbdg.com\/en\/wp-json\/wp\/v2\/users\/12"}],"replies":[{"embeddable":true,"href":"https:\/\/cfbdg.com\/en\/wp-json\/wp\/v2\/comments?post=2302"}],"version-history":[{"count":0,"href":"https:\/\/cfbdg.com\/en\/wp-json\/wp\/v2\/pages\/2302\/revisions"}],"up":[{"embeddable":true,"href":"https:\/\/cfbdg.com\/en\/wp-json\/wp\/v2\/pages\/756"}],"wp:attachment":[{"href":"https:\/\/cfbdg.com\/en\/wp-json\/wp\/v2\/media?parent=2302"}],"curies":[{"name":"wp","href":"https:\/\/api.w.org\/{rel}","templated":true}]}}